{"id":1647,"date":"2024-08-02T12:56:45","date_gmt":"2024-08-02T10:56:45","guid":{"rendered":"https:\/\/trotskismovivo.com\/?page_id=1647"},"modified":"2024-08-02T13:06:46","modified_gmt":"2024-08-02T11:06:46","slug":"sobre","status":"publish","type":"page","link":"https:\/\/trotskismovivo.com\/index.php\/sobre\/","title":{"rendered":"Sobre"},"content":{"rendered":"\t\t<div data-elementor-type=\"wp-page\" data-elementor-id=\"1647\" class=\"elementor elementor-1647\" data-elementor-post-type=\"page\">\n\t\t\t\t<div class=\"elementor-element elementor-element-beae0a7 e-flex e-con-boxed e-con e-parent\" data-id=\"beae0a7\" data-element_type=\"container\" data-e-type=\"container\">\n\t\t\t\t\t<div class=\"e-con-inner\">\n\t\t\t\t<div class=\"elementor-element elementor-element-8bb496b elementor-widget elementor-widget-image\" data-id=\"8bb496b\" data-element_type=\"widget\" data-e-type=\"widget\" data-widget_type=\"image.default\">\n\t\t\t\t<div class=\"elementor-widget-container\">\n\t\t\t\t\t\t\t\t\t\t\t\t\t\t\t<img fetchpriority=\"high\" decoding=\"async\" width=\"800\" height=\"449\" src=\"https:\/\/trotskismovivo.com\/wp-content\/uploads\/2024\/02\/Martin1-1024x575.jpg\" class=\"attachment-large size-large wp-image-128\" alt=\"\" srcset=\"https:\/\/trotskismovivo.com\/wp-content\/uploads\/2024\/02\/Martin1-1024x575.jpg 1024w, https:\/\/trotskismovivo.com\/wp-content\/uploads\/2024\/02\/Martin1-300x168.jpg 300w, https:\/\/trotskismovivo.com\/wp-content\/uploads\/2024\/02\/Martin1-768x431.jpg 768w, https:\/\/trotskismovivo.com\/wp-content\/uploads\/2024\/02\/Martin1-1536x862.jpg 1536w, https:\/\/trotskismovivo.com\/wp-content\/uploads\/2024\/02\/Martin1.jpg 1600w\" sizes=\"(max-width: 800px) 100vw, 800px\" \/>\t\t\t\t\t\t\t\t\t\t\t\t\t\t\t<\/div>\n\t\t\t\t<\/div>\n\t\t\t\t\t<\/div>\n\t\t\t\t<\/div>\n\t\t<div class=\"elementor-element elementor-element-3efca97 e-flex e-con-boxed e-con e-parent\" data-id=\"3efca97\" data-element_type=\"container\" data-e-type=\"container\">\n\t\t\t\t\t<div class=\"e-con-inner\">\n\t\t\t\t<div class=\"elementor-element elementor-element-1f65e19 elementor-widget elementor-widget-heading\" data-id=\"1f65e19\" data-element_type=\"widget\" data-e-type=\"widget\" data-widget_type=\"heading.default\">\n\t\t\t\t<div class=\"elementor-widget-container\">\n\t\t\t\t\t<h2 class=\"elementor-heading-title elementor-size-default\">Mart\u00edn Hern\u00e1ndez\n56 a\u00f1os de militancia revolucionaria\n<\/h2>\t\t\t\t<\/div>\n\t\t\t\t<\/div>\n\t\t\t\t\t<\/div>\n\t\t\t\t<\/div>\n\t\t<div class=\"elementor-element elementor-element-c04f9f6 e-flex e-con-boxed e-con e-parent\" data-id=\"c04f9f6\" data-element_type=\"container\" data-e-type=\"container\">\n\t\t\t\t\t<div class=\"e-con-inner\">\n\t\t\t\t<div class=\"elementor-element elementor-element-9838943 elementor-widget elementor-widget-text-editor\" data-id=\"9838943\" data-element_type=\"widget\" data-e-type=\"widget\" data-widget_type=\"text-editor.default\">\n\t\t\t\t<div class=\"elementor-widget-container\">\n\t\t\t\t\t\t\t\t\t<p>Desde los 19 a\u00f1os (ahora estoy con 75) soy militante trotskista, es decir marxista, leninista, comunista a la vez que, durante todos esos a\u00f1os, he sido parte de la direcci\u00f3n del PST argentino, de la Convergencia Socialista y del PSTU del Brasil; de la Fracci\u00f3n Bolchevique, de la IV Internacional y, actualmente, de la LIT (Liga Internacional de los Trabajadores \u2013 IV Internacional)<\/p><p>Nunca estuve al frente de una revoluci\u00f3n y mucho menos de un Estado obrero. Pero, en compensaci\u00f3n, llevo m\u00e1s de cinco d\u00e9cadas de mi vida dedicados a la militancia revolucionaria nacional e Internacional.<\/p><p>Como parte de la militancia internacionalista visit\u00e9 varios pa\u00edses y actu\u00e9 en la mayor\u00eda de ellos: Alemania, B\u00e9lgica, Bolivia, Chile, Colombia, Costa Rica, Cuba, El Salvador, Espa\u00f1a, Guatemala, Francia, Honduras, Inglaterra, Italia, Nicaragua, Panam\u00e1, Per\u00fa, Paraguay, Polonia, Portugal, Rusia, Turqu\u00eda, Ucrania, Uruguay, Venezuela, adem\u00e1s de Argentina y Brasil en donde he residido y resido.<\/p><p>En todos estos a\u00f1os, y en esos pa\u00edses, he vivido realidades diferentes. Dictaduras militares, democracias burguesas, grandes ascensos de la lucha de clases, con grandes victorias y tambi\u00e9n grandes derrotas. He convido con vanguardias guerrilleritas, reformistas, clasistas y pacifistas. Con burocracias sindicales de derecha y de izquierda y, como parte de esos procesos, he participado de decenas de debates te\u00f3ricos y program\u00e1ticos. A la vez que escrito tres libros (dos junto a otros autores) y publicado, en diferentes \u00f3rganos de prensa, cerca de doscientos art\u00edculos, ensayos y documentos.<\/p><p>Enfrentando estas diferentes realidades, creo que puse mi \u201cgrano de arena\u201d para construir organizaciones marxistas, a nivel nacional e internacional, todo lo cual me permiti\u00f3 aprender algunas cosas que me siento en la obligaci\u00f3n de socializar junto a las nuevas generaciones de revolucionarios. Es al servicio de esa tarea que estamos construyendo, con algunos amigos y camaradas, esta p\u00e1gina. Espero que sea \u00fatil.<\/p>\t\t\t\t\t\t\t\t<\/div>\n\t\t\t\t<\/div>\n\t\t\t\t\t<\/div>\n\t\t\t\t<\/div>\n\t\t\t\t<\/div>\n\t\t","protected":false},"excerpt":{"rendered":"<p>Mart\u00edn Hern\u00e1ndez 56 a\u00f1os de militancia revolucionaria Desde los 19 a\u00f1os (ahora estoy con 75) soy militante trotskista, es decir marxista, leninista, comunista a la vez que, durante todos esos a\u00f1os, he sido parte de la direcci\u00f3n del PST argentino, de la Convergencia Socialista y del PSTU del Brasil; de la Fracci\u00f3n Bolchevique, de la [&hellip;]<\/p>\n","protected":false},"author":1,"featured_media":0,"parent":0,"menu_order":0,"comment_status":"closed","ping_status":"closed","template":"","meta":{"footnotes":""},"class_list":["post-1647","page","type-page","status-publish","hentry"],"_links":{"self":[{"href":"https:\/\/trotskismovivo.com\/index.php\/wp-json\/wp\/v2\/pages\/1647","targetHints":{"allow":["GET"]}}],"collection":[{"href":"https:\/\/trotskismovivo.com\/index.php\/wp-json\/wp\/v2\/pages"}],"about":[{"href":"https:\/\/trotskismovivo.com\/index.php\/wp-json\/wp\/v2\/types\/page"}],"author":[{"embeddable":true,"href":"https:\/\/trotskismovivo.com\/index.php\/wp-json\/wp\/v2\/users\/1"}],"replies":[{"embeddable":true,"href":"https:\/\/trotskismovivo.com\/index.php\/wp-json\/wp\/v2\/comments?post=1647"}],"version-history":[{"count":7,"href":"https:\/\/trotskismovivo.com\/index.php\/wp-json\/wp\/v2\/pages\/1647\/revisions"}],"predecessor-version":[{"id":1657,"href":"https:\/\/trotskismovivo.com\/index.php\/wp-json\/wp\/v2\/pages\/1647\/revisions\/1657"}],"wp:attachment":[{"href":"https:\/\/trotskismovivo.com\/index.php\/wp-json\/wp\/v2\/media?parent=1647"}],"curies":[{"name":"wp","href":"https:\/\/api.w.org\/{rel}","templated":true}]}}